{"id":12211,"date":"2022-01-12T05:22:35","date_gmt":"2022-01-12T05:22:35","guid":{"rendered":"http:\/\/localhost\/personal\/?page_id=12211"},"modified":"2025-04-01T12:02:27","modified_gmt":"2025-04-01T12:02:27","slug":"portfolio","status":"publish","type":"page","link":"https:\/\/www.marketabateckova.cz\/?page_id=12211","title":{"rendered":"Portfolio"},"content":{"rendered":"\t\t<div data-elementor-type=\"wp-page\" data-elementor-id=\"12211\" class=\"elementor elementor-12211\">\n\t\t\t\t\t\t<section class=\"elementor-section elementor-top-section elementor-element elementor-element-5065fc9 elementor-section-full_width elementor-section-height-default elementor-section-height-default\" data-id=\"5065fc9\" data-element_type=\"section\" data-e-type=\"section\">\n\t\t\t\t\t\t<div class=\"elementor-container elementor-column-gap-default\">\n\t\t\t\t\t<div class=\"elementor-column elementor-col-100 elementor-top-column elementor-element elementor-element-e91fc4c\" data-id=\"e91fc4c\" data-element_type=\"column\" data-e-type=\"column\">\n\t\t\t<div class=\"elementor-widget-wrap elementor-element-populated\">\n\t\t\t\t\t\t<div class=\"elementor-element elementor-element-b597b93 anzal-star-rating--align-center elementor-widget elementor-widget-witr_section_title\" data-id=\"b597b93\" data-element_type=\"widget\" data-e-type=\"widget\" data-widget_type=\"witr_section_title.default\">\n\t\t\t\t<div class=\"elementor-widget-container\">\n\t\t\t\t\t\t\t\t\t\t<!-- title center -->\n\t\t\t\t\t<div class=\"witr_section_title\">\n\t\t\t\t\t\t<div class=\"witr_section_title_inner text-center\">\n\n\t\t\t\t\t\t\t<!-- icon position -->\n\t\t\t\t\t\t\t\t\n\t\t\t\t\t\t\t<!-- end icon position -->\n\t\t\t\t\t\t\t\n\t\t\t\t\t\t\n\t\t\t\t\t\t\t<!-- title top -->\n\t\t\t\t\t\t\t\t\t\t\t\t\t\t\t<h2>Portfolio<\/h2>\t\t\n\t\t\t\t\t\t\t\n\n\t\t\t\t\t\t\t<!-- icon position -->\n\t\t\t\t\t\t\t\t\n\t\t\t\t\t\t\t<!-- end icon position -->\n\n\n\t\t\t\t\t\t\t\n\t\t\t\t\t\t\t<!-- title middle -->\n\t\t\t\t\t\t\t\t\t\t\t\t\t\t\t<h3>Uk\u00e1zka m\u00fdch prac\u00ed<\/h3>\t\t\n\t\t\t\t\t\t\t\t\t\t\t\t\t\t<!-- title bottom -->\n\t\t\t\t\t\t\t\n\t\t\t\t\t\t\t\n\t\t\t\t\t\t\t\n\t\t\t\t\t\t\t\t\t\t\t\t\t\t\n\t\t\t\t\t\t\t<!-- image -->\n\t\t\t\t\t\t\t\t\t\t\t\t\t\t<!-- icon -->\n\t\t\t\t\t\t\t\t\t\t\t\t\t\t\n\t\t\t\t\t\t\t<!-- bar -->\n\t\t\t\t\t\t\t\t\t\t\t\t\t\t<!-- circle bar -->\n\t\t\t\t\t\t\t\t\t\t\t\t\t\t\n\t\t\t\t\t\t\t\t\n\t\t\t\t\t\t\t\n\n\t\t\t\t\t\t\t\n\t\t\t\t\t\t\t<!-- content -->\n\t\t\t\t\t\t\t\t\t\t\t\t\t\t\n\t\t\t\t\t\t<\/div>\n\t\t\t\t\t\t\t<!-- inner title -->\n\t\t\t\t\t\t\t\t\t\t\t\t\t\n\t\t\t\t\t<\/div>\n\n\t\t\t\t\t\t\t\t<\/div>\n\t\t\t\t<\/div>\n\t\t\t\t<div class=\"elementor-element elementor-element-621a94c wittr_pfilter_menu--align-center elementor-widget elementor-widget-witr_portfolio_section\" data-id=\"621a94c\" data-element_type=\"widget\" data-e-type=\"widget\" data-widget_type=\"witr_portfolio_section.default\">\n\t\t\t\t<div class=\"elementor-widget-container\">\n\t\t\t\t\t\t\t\t\t\n\t\t<div class=\"clearfix row kicuakta\">\n\t\t\t<div class=\"col-md-12\">\n\t\t\t\t<div class=\"portfolio_nav  wittr_pfilter_menu\">\n\t\t\t\t\t<ul id=\"filter\" class=\"filter_menu \">\n\t\t\t\t\t\t<li class=\"current_menu_item\" data-filter=\"*\" >V\u0161e<\/li>\n\t\t\t\t\t\t\t\t\t\t\t\t\t<li   data-filter=\".fotografie\">Fotografie<\/li>\n\t\t\t\t\t\t\t\t\t\t\t\t\t\t<li   data-filter=\".graficky-design\">Grafick\u00fd design<\/li>\n\t\t\t\t\t\t\t\t\t\t\t\t\t\t<li   data-filter=\".socialni-site\">Soci\u00e1ln\u00ed s\u00edt\u011b<\/li>\n\t\t\t\t\t\t\t\t\t\t\t\t\t\t<li   data-filter=\".tiskoviny\">Tiskoviny<\/li>\n\t\t\t\t\t\t\t\t\t\t\t<\/ul>\n\t\t\t\t<\/div>\n\t\t\t<\/div>\t\t\t\t\n\t\t<\/div>\t\t\t\n\t\t\t\t\t<div class=\"pstyle2\">\t\t\t\t\n\t\t\t\t<div class=\"row\" id=\"em_load\" >\t\t\n\t\t\t\t\t\t\t\t\t\t\t<!-- single portfolio -->\n\t\t\t\t\t<div class=\"col-lg-3  eportfolio_item col-md-6 col-xs-12 col-sm-12 graficky-design tiskoviny    witr_all_mb_30\" >\n\t\t\t\t\t\t<div class=\"single_protfolio\">\n\t\t\t\t\t\t\t<div class=\"prot_thumb\">\t\t\t\t\t\t\t\t\n\t\t\t\t\t\t\t\t<img fetchpriority=\"high\" decoding=\"async\" width=\"560\" height=\"560\" src=\"https:\/\/www.marketabateckova.cz\/wp-content\/uploads\/2022\/04\/masazelogo-mockup-560x560.png\" class=\"attachment-anzal-gallery-thumb size-anzal-gallery-thumb wp-post-image\" alt=\"Mas\u00e1\u017ee na kopci logo\" srcset=\"https:\/\/www.marketabateckova.cz\/wp-content\/uploads\/2022\/04\/masazelogo-mockup-560x560.png 560w, https:\/\/www.marketabateckova.cz\/wp-content\/uploads\/2022\/04\/masazelogo-mockup-150x150.png 150w, https:\/\/www.marketabateckova.cz\/wp-content\/uploads\/2022\/04\/masazelogo-mockup-450x450.png 450w, https:\/\/www.marketabateckova.cz\/wp-content\/uploads\/2022\/04\/masazelogo-mockup-106x106.png 106w, https:\/\/www.marketabateckova.cz\/wp-content\/uploads\/2022\/04\/masazelogo-mockup-70x70.png 70w\" sizes=\"(max-width: 560px) 100vw, 560px\" \/>\t\t\t\t\t\t\t\t\n\t\t\t\t\t\t\t\t<div class=\"prot_content\">\n\t\t\t\t\t\t\t\t\t<div class=\"prot_content_inner\">\t\t\t\t\t\t\t\t\t\n\t\t\t\t\t\t\t\t\t\t<div class=\"picon\">\n\t\t\t\t\t\t\t\t\t\t\t\t\t\t\t\t\t\t\t\t\t<\/div>\n\t\t\t\t\t\t\t\t\t\t<h3><a href=\"https:\/\/www.marketabateckova.cz\/?em_portfolio=web-design\">Mas\u00e1\u017ee na Kopci<\/a><\/h3>\n\t\t\t\t\t\t\t\t\t\t\n\t\t\t\t\t\t\t\t\t\t<p>\t\t\t\t\t\t\t\t\t\t\t\t<span class=\"category-item-p\">\n\t\t\t\t\t\t\t\t\t\t\t\t   Grafick\u00fd design\t\t\t\t\t\t\t\t\t\t\t\t<\/span>\t\t\t\t\t\t\t\t\t\t\t\t\t\t\t\t\t\t\t\n\t\t\t\t\t\t\t\t\t\t\t\t\t\t\t\t\t\t\t\t\t\t\t\t<span class=\"category-item-p\">\n\t\t\t\t\t\t\t\t\t\t\t\t   Tiskoviny\t\t\t\t\t\t\t\t\t\t\t\t<\/span>\t\t\t\t\t\t\t\t\t\t\t\t\t\t\t\t\t\t\t\n\t\t\t\t\t\t\t\t\t\t\t\t<\/p>\t\t\t\t\t\t\t\t\n\t\t\t\t\t\t\t\t\t<\/div>\n\t\t\t\t\t\t\t\t<\/div>\t\n\t\t\t\t\t\t\t<\/div>\t\t\t\t\n\t\t\t\t\t\t<\/div>\n\t\t\t\t\t<\/div>\n\t\t\t\t\t\t\t\t\t\t\t<!-- single portfolio -->\n\t\t\t\t\t<div class=\"col-lg-3  eportfolio_item col-md-6 col-xs-12 col-sm-12 graficky-design tiskoviny    witr_all_mb_30\" >\n\t\t\t\t\t\t<div class=\"single_protfolio\">\n\t\t\t\t\t\t\t<div class=\"prot_thumb\">\t\t\t\t\t\t\t\t\n\t\t\t\t\t\t\t\t<img decoding=\"async\" width=\"560\" height=\"560\" src=\"https:\/\/www.marketabateckova.cz\/wp-content\/uploads\/2022\/04\/MockUp_1-kopie-560x560.jpg\" class=\"attachment-anzal-gallery-thumb size-anzal-gallery-thumb wp-post-image\" alt=\"CARTY\" srcset=\"https:\/\/www.marketabateckova.cz\/wp-content\/uploads\/2022\/04\/MockUp_1-kopie-560x560.jpg 560w, https:\/\/www.marketabateckova.cz\/wp-content\/uploads\/2022\/04\/MockUp_1-kopie-150x150.jpg 150w, https:\/\/www.marketabateckova.cz\/wp-content\/uploads\/2022\/04\/MockUp_1-kopie-450x450.jpg 450w, https:\/\/www.marketabateckova.cz\/wp-content\/uploads\/2022\/04\/MockUp_1-kopie-106x106.jpg 106w, https:\/\/www.marketabateckova.cz\/wp-content\/uploads\/2022\/04\/MockUp_1-kopie-70x70.jpg 70w\" sizes=\"(max-width: 560px) 100vw, 560px\" \/>\t\t\t\t\t\t\t\t\n\t\t\t\t\t\t\t\t<div class=\"prot_content\">\n\t\t\t\t\t\t\t\t\t<div class=\"prot_content_inner\">\t\t\t\t\t\t\t\t\t\n\t\t\t\t\t\t\t\t\t\t<div class=\"picon\">\n\t\t\t\t\t\t\t\t\t\t\t\t\t\t\t\t\t\t\t\t\t<\/div>\n\t\t\t\t\t\t\t\t\t\t<h3><a href=\"https:\/\/www.marketabateckova.cz\/?em_portfolio=web-development-2\">Karetn\u00ed hra CARTY<\/a><\/h3>\n\t\t\t\t\t\t\t\t\t\t\n\t\t\t\t\t\t\t\t\t\t<p>\t\t\t\t\t\t\t\t\t\t\t\t<span class=\"category-item-p\">\n\t\t\t\t\t\t\t\t\t\t\t\t   Grafick\u00fd design\t\t\t\t\t\t\t\t\t\t\t\t<\/span>\t\t\t\t\t\t\t\t\t\t\t\t\t\t\t\t\t\t\t\n\t\t\t\t\t\t\t\t\t\t\t\t\t\t\t\t\t\t\t\t\t\t\t\t<span class=\"category-item-p\">\n\t\t\t\t\t\t\t\t\t\t\t\t   Tiskoviny\t\t\t\t\t\t\t\t\t\t\t\t<\/span>\t\t\t\t\t\t\t\t\t\t\t\t\t\t\t\t\t\t\t\n\t\t\t\t\t\t\t\t\t\t\t\t<\/p>\t\t\t\t\t\t\t\t\n\t\t\t\t\t\t\t\t\t<\/div>\n\t\t\t\t\t\t\t\t<\/div>\t\n\t\t\t\t\t\t\t<\/div>\t\t\t\t\n\t\t\t\t\t\t<\/div>\n\t\t\t\t\t<\/div>\n\t\t\t\t\t\t\t\t\t\t\t<!-- single portfolio -->\n\t\t\t\t\t<div class=\"col-lg-3  eportfolio_item col-md-6 col-xs-12 col-sm-12 graficky-design tiskoviny    witr_all_mb_30\" >\n\t\t\t\t\t\t<div class=\"single_protfolio\">\n\t\t\t\t\t\t\t<div class=\"prot_thumb\">\t\t\t\t\t\t\t\t\n\t\t\t\t\t\t\t\t<img decoding=\"async\" width=\"560\" height=\"560\" src=\"https:\/\/www.marketabateckova.cz\/wp-content\/uploads\/2022\/03\/Kryptonite-nametag-560x560.png\" class=\"attachment-anzal-gallery-thumb size-anzal-gallery-thumb wp-post-image\" alt=\"jmenovka\" srcset=\"https:\/\/www.marketabateckova.cz\/wp-content\/uploads\/2022\/03\/Kryptonite-nametag-560x560.png 560w, https:\/\/www.marketabateckova.cz\/wp-content\/uploads\/2022\/03\/Kryptonite-nametag-150x150.png 150w, https:\/\/www.marketabateckova.cz\/wp-content\/uploads\/2022\/03\/Kryptonite-nametag-450x450.png 450w, https:\/\/www.marketabateckova.cz\/wp-content\/uploads\/2022\/03\/Kryptonite-nametag-106x106.png 106w, https:\/\/www.marketabateckova.cz\/wp-content\/uploads\/2022\/03\/Kryptonite-nametag-70x70.png 70w\" sizes=\"(max-width: 560px) 100vw, 560px\" \/>\t\t\t\t\t\t\t\t\n\t\t\t\t\t\t\t\t<div class=\"prot_content\">\n\t\t\t\t\t\t\t\t\t<div class=\"prot_content_inner\">\t\t\t\t\t\t\t\t\t\n\t\t\t\t\t\t\t\t\t\t<div class=\"picon\">\n\t\t\t\t\t\t\t\t\t\t\t\t\t\t\t\t\t\t\t\t\t<\/div>\n\t\t\t\t\t\t\t\t\t\t<h3><a href=\"https:\/\/www.marketabateckova.cz\/?em_portfolio=mockup-photography\">Kryptonite Character Store<\/a><\/h3>\n\t\t\t\t\t\t\t\t\t\t\n\t\t\t\t\t\t\t\t\t\t<p>\t\t\t\t\t\t\t\t\t\t\t\t<span class=\"category-item-p\">\n\t\t\t\t\t\t\t\t\t\t\t\t   Grafick\u00fd design\t\t\t\t\t\t\t\t\t\t\t\t<\/span>\t\t\t\t\t\t\t\t\t\t\t\t\t\t\t\t\t\t\t\n\t\t\t\t\t\t\t\t\t\t\t\t\t\t\t\t\t\t\t\t\t\t\t\t<span class=\"category-item-p\">\n\t\t\t\t\t\t\t\t\t\t\t\t   Tiskoviny\t\t\t\t\t\t\t\t\t\t\t\t<\/span>\t\t\t\t\t\t\t\t\t\t\t\t\t\t\t\t\t\t\t\n\t\t\t\t\t\t\t\t\t\t\t\t<\/p>\t\t\t\t\t\t\t\t\n\t\t\t\t\t\t\t\t\t<\/div>\n\t\t\t\t\t\t\t\t<\/div>\t\n\t\t\t\t\t\t\t<\/div>\t\t\t\t\n\t\t\t\t\t\t<\/div>\n\t\t\t\t\t<\/div>\n\t\t\t\t\t\t\t\t\t\t\t<!-- single portfolio -->\n\t\t\t\t\t<div class=\"col-lg-3  eportfolio_item col-md-6 col-xs-12 col-sm-12 graficky-design    witr_all_mb_30\" >\n\t\t\t\t\t\t<div class=\"single_protfolio\">\n\t\t\t\t\t\t\t<div class=\"prot_thumb\">\t\t\t\t\t\t\t\t\n\t\t\t\t\t\t\t\t<img loading=\"lazy\" decoding=\"async\" width=\"560\" height=\"560\" src=\"https:\/\/www.marketabateckova.cz\/wp-content\/uploads\/2022\/03\/lpk-design-mockup-560x560.png\" class=\"attachment-anzal-gallery-thumb size-anzal-gallery-thumb wp-post-image\" alt=\"LPK Opava\" srcset=\"https:\/\/www.marketabateckova.cz\/wp-content\/uploads\/2022\/03\/lpk-design-mockup-560x560.png 560w, https:\/\/www.marketabateckova.cz\/wp-content\/uploads\/2022\/03\/lpk-design-mockup-150x150.png 150w, https:\/\/www.marketabateckova.cz\/wp-content\/uploads\/2022\/03\/lpk-design-mockup-450x450.png 450w, https:\/\/www.marketabateckova.cz\/wp-content\/uploads\/2022\/03\/lpk-design-mockup-106x106.png 106w, https:\/\/www.marketabateckova.cz\/wp-content\/uploads\/2022\/03\/lpk-design-mockup-70x70.png 70w\" sizes=\"(max-width: 560px) 100vw, 560px\" \/>\t\t\t\t\t\t\t\t\n\t\t\t\t\t\t\t\t<div class=\"prot_content\">\n\t\t\t\t\t\t\t\t\t<div class=\"prot_content_inner\">\t\t\t\t\t\t\t\t\t\n\t\t\t\t\t\t\t\t\t\t<div class=\"picon\">\n\t\t\t\t\t\t\t\t\t\t\t\t\t\t\t\t\t\t\t\t\t<\/div>\n\t\t\t\t\t\t\t\t\t\t<h3><a href=\"https:\/\/www.marketabateckova.cz\/?em_portfolio=our-success-work\">Identita pro LPK Opava<\/a><\/h3>\n\t\t\t\t\t\t\t\t\t\t\n\t\t\t\t\t\t\t\t\t\t<p>\t\t\t\t\t\t\t\t\t\t\t\t<span class=\"category-item-p\">\n\t\t\t\t\t\t\t\t\t\t\t\t   Grafick\u00fd design\t\t\t\t\t\t\t\t\t\t\t\t<\/span>\t\t\t\t\t\t\t\t\t\t\t\t\t\t\t\t\t\t\t\n\t\t\t\t\t\t\t\t\t\t\t\t<\/p>\t\t\t\t\t\t\t\t\n\t\t\t\t\t\t\t\t\t<\/div>\n\t\t\t\t\t\t\t\t<\/div>\t\n\t\t\t\t\t\t\t<\/div>\t\t\t\t\n\t\t\t\t\t\t<\/div>\n\t\t\t\t\t<\/div>\n\t\t\t\t\t\t\t\t\t\t\t<!-- single portfolio -->\n\t\t\t\t\t<div class=\"col-lg-3  eportfolio_item col-md-6 col-xs-12 col-sm-12 fotografie    witr_all_mb_30\" >\n\t\t\t\t\t\t<div class=\"single_protfolio\">\n\t\t\t\t\t\t\t<div class=\"prot_thumb\">\t\t\t\t\t\t\t\t\n\t\t\t\t\t\t\t\t<img loading=\"lazy\" decoding=\"async\" width=\"560\" height=\"560\" src=\"https:\/\/www.marketabateckova.cz\/wp-content\/uploads\/2022\/02\/2P-560x560.jpg\" class=\"attachment-anzal-gallery-thumb size-anzal-gallery-thumb wp-post-image\" alt=\"Produktov\u00e1 fotografie\" srcset=\"https:\/\/www.marketabateckova.cz\/wp-content\/uploads\/2022\/02\/2P-560x560.jpg 560w, https:\/\/www.marketabateckova.cz\/wp-content\/uploads\/2022\/02\/2P-150x150.jpg 150w, https:\/\/www.marketabateckova.cz\/wp-content\/uploads\/2022\/02\/2P-450x450.jpg 450w, https:\/\/www.marketabateckova.cz\/wp-content\/uploads\/2022\/02\/2P-106x106.jpg 106w, https:\/\/www.marketabateckova.cz\/wp-content\/uploads\/2022\/02\/2P-70x70.jpg 70w\" sizes=\"(max-width: 560px) 100vw, 560px\" \/>\t\t\t\t\t\t\t\t\n\t\t\t\t\t\t\t\t<div class=\"prot_content\">\n\t\t\t\t\t\t\t\t\t<div class=\"prot_content_inner\">\t\t\t\t\t\t\t\t\t\n\t\t\t\t\t\t\t\t\t\t<div class=\"picon\">\n\t\t\t\t\t\t\t\t\t\t\t\t\t\t\t\t\t\t\t\t\t<\/div>\n\t\t\t\t\t\t\t\t\t\t<h3><a href=\"https:\/\/www.marketabateckova.cz\/?em_portfolio=web-time-work-2\">Produktov\u00e1 fotografie<\/a><\/h3>\n\t\t\t\t\t\t\t\t\t\t\n\t\t\t\t\t\t\t\t\t\t<p>\t\t\t\t\t\t\t\t\t\t\t\t<span class=\"category-item-p\">\n\t\t\t\t\t\t\t\t\t\t\t\t   Fotografie\t\t\t\t\t\t\t\t\t\t\t\t<\/span>\t\t\t\t\t\t\t\t\t\t\t\t\t\t\t\t\t\t\t\n\t\t\t\t\t\t\t\t\t\t\t\t<\/p>\t\t\t\t\t\t\t\t\n\t\t\t\t\t\t\t\t\t<\/div>\n\t\t\t\t\t\t\t\t<\/div>\t\n\t\t\t\t\t\t\t<\/div>\t\t\t\t\n\t\t\t\t\t\t<\/div>\n\t\t\t\t\t<\/div>\n\t\t\t\t\t\t\t\t\t\t\t<!-- single portfolio -->\n\t\t\t\t\t<div class=\"col-lg-3  eportfolio_item col-md-6 col-xs-12 col-sm-12 graficky-design    witr_all_mb_30\" >\n\t\t\t\t\t\t<div class=\"single_protfolio\">\n\t\t\t\t\t\t\t<div class=\"prot_thumb\">\t\t\t\t\t\t\t\t\n\t\t\t\t\t\t\t\t<img loading=\"lazy\" decoding=\"async\" width=\"560\" height=\"560\" src=\"https:\/\/www.marketabateckova.cz\/wp-content\/uploads\/2022\/02\/mockup-web1-560x560.png\" class=\"attachment-anzal-gallery-thumb size-anzal-gallery-thumb wp-post-image\" alt=\"Nerdigit\" srcset=\"https:\/\/www.marketabateckova.cz\/wp-content\/uploads\/2022\/02\/mockup-web1-560x560.png 560w, https:\/\/www.marketabateckova.cz\/wp-content\/uploads\/2022\/02\/mockup-web1-300x300.png 300w, https:\/\/www.marketabateckova.cz\/wp-content\/uploads\/2022\/02\/mockup-web1-150x150.png 150w, https:\/\/www.marketabateckova.cz\/wp-content\/uploads\/2022\/02\/mockup-web1-768x768.png 768w, https:\/\/www.marketabateckova.cz\/wp-content\/uploads\/2022\/02\/mockup-web1-450x450.png 450w, https:\/\/www.marketabateckova.cz\/wp-content\/uploads\/2022\/02\/mockup-web1-106x106.png 106w, https:\/\/www.marketabateckova.cz\/wp-content\/uploads\/2022\/02\/mockup-web1-70x70.png 70w, https:\/\/www.marketabateckova.cz\/wp-content\/uploads\/2022\/02\/mockup-web1.png 1020w\" sizes=\"(max-width: 560px) 100vw, 560px\" \/>\t\t\t\t\t\t\t\t\n\t\t\t\t\t\t\t\t<div class=\"prot_content\">\n\t\t\t\t\t\t\t\t\t<div class=\"prot_content_inner\">\t\t\t\t\t\t\t\t\t\n\t\t\t\t\t\t\t\t\t\t<div class=\"picon\">\n\t\t\t\t\t\t\t\t\t\t\t\t\t\t\t\t\t\t\t\t\t<\/div>\n\t\t\t\t\t\t\t\t\t\t<h3><a href=\"https:\/\/www.marketabateckova.cz\/?em_portfolio=web-development\">Nerdigit webdesign<\/a><\/h3>\n\t\t\t\t\t\t\t\t\t\t\n\t\t\t\t\t\t\t\t\t\t<p>\t\t\t\t\t\t\t\t\t\t\t\t<span class=\"category-item-p\">\n\t\t\t\t\t\t\t\t\t\t\t\t   Grafick\u00fd design\t\t\t\t\t\t\t\t\t\t\t\t<\/span>\t\t\t\t\t\t\t\t\t\t\t\t\t\t\t\t\t\t\t\n\t\t\t\t\t\t\t\t\t\t\t\t<\/p>\t\t\t\t\t\t\t\t\n\t\t\t\t\t\t\t\t\t<\/div>\n\t\t\t\t\t\t\t\t<\/div>\t\n\t\t\t\t\t\t\t<\/div>\t\t\t\t\n\t\t\t\t\t\t<\/div>\n\t\t\t\t\t<\/div>\n\t\t\t\t\t\t\t\t\t\t\t<!-- single portfolio -->\n\t\t\t\t\t<div class=\"col-lg-3  eportfolio_item col-md-6 col-xs-12 col-sm-12 fotografie    witr_all_mb_30\" >\n\t\t\t\t\t\t<div class=\"single_protfolio\">\n\t\t\t\t\t\t\t<div class=\"prot_thumb\">\t\t\t\t\t\t\t\t\n\t\t\t\t\t\t\t\t<img loading=\"lazy\" decoding=\"async\" width=\"560\" height=\"560\" src=\"https:\/\/www.marketabateckova.cz\/wp-content\/uploads\/2022\/02\/4-kopie-560x560.jpg\" class=\"attachment-anzal-gallery-thumb size-anzal-gallery-thumb wp-post-image\" alt=\"Food photography\" srcset=\"https:\/\/www.marketabateckova.cz\/wp-content\/uploads\/2022\/02\/4-kopie-560x560.jpg 560w, https:\/\/www.marketabateckova.cz\/wp-content\/uploads\/2022\/02\/4-kopie-150x150.jpg 150w, https:\/\/www.marketabateckova.cz\/wp-content\/uploads\/2022\/02\/4-kopie-450x450.jpg 450w, https:\/\/www.marketabateckova.cz\/wp-content\/uploads\/2022\/02\/4-kopie-106x106.jpg 106w, https:\/\/www.marketabateckova.cz\/wp-content\/uploads\/2022\/02\/4-kopie-70x70.jpg 70w\" sizes=\"(max-width: 560px) 100vw, 560px\" \/>\t\t\t\t\t\t\t\t\n\t\t\t\t\t\t\t\t<div class=\"prot_content\">\n\t\t\t\t\t\t\t\t\t<div class=\"prot_content_inner\">\t\t\t\t\t\t\t\t\t\n\t\t\t\t\t\t\t\t\t\t<div class=\"picon\">\n\t\t\t\t\t\t\t\t\t\t\t\t\t\t\t\t\t\t\t\t\t<\/div>\n\t\t\t\t\t\t\t\t\t\t<h3><a href=\"https:\/\/www.marketabateckova.cz\/?em_portfolio=mockup-collection\">Food photography s\u00e9rie<\/a><\/h3>\n\t\t\t\t\t\t\t\t\t\t\n\t\t\t\t\t\t\t\t\t\t<p>\t\t\t\t\t\t\t\t\t\t\t\t<span class=\"category-item-p\">\n\t\t\t\t\t\t\t\t\t\t\t\t   Fotografie\t\t\t\t\t\t\t\t\t\t\t\t<\/span>\t\t\t\t\t\t\t\t\t\t\t\t\t\t\t\t\t\t\t\n\t\t\t\t\t\t\t\t\t\t\t\t<\/p>\t\t\t\t\t\t\t\t\n\t\t\t\t\t\t\t\t\t<\/div>\n\t\t\t\t\t\t\t\t<\/div>\t\n\t\t\t\t\t\t\t<\/div>\t\t\t\t\n\t\t\t\t\t\t<\/div>\n\t\t\t\t\t<\/div>\n\t\t\t\t\t\t\t\t\t\t\t<!-- single portfolio -->\n\t\t\t\t\t<div class=\"col-lg-3  eportfolio_item col-md-6 col-xs-12 col-sm-12 socialni-site    witr_all_mb_30\" >\n\t\t\t\t\t\t<div class=\"single_protfolio\">\n\t\t\t\t\t\t\t<div class=\"prot_thumb\">\t\t\t\t\t\t\t\t\n\t\t\t\t\t\t\t\t<img loading=\"lazy\" decoding=\"async\" width=\"560\" height=\"560\" src=\"https:\/\/www.marketabateckova.cz\/wp-content\/uploads\/2022\/01\/letosmaderkou-560x560.png\" class=\"attachment-anzal-gallery-thumb size-anzal-gallery-thumb wp-post-image\" alt=\"\" srcset=\"https:\/\/www.marketabateckova.cz\/wp-content\/uploads\/2022\/01\/letosmaderkou-560x560.png 560w, https:\/\/www.marketabateckova.cz\/wp-content\/uploads\/2022\/01\/letosmaderkou-150x150.png 150w, https:\/\/www.marketabateckova.cz\/wp-content\/uploads\/2022\/01\/letosmaderkou-450x450.png 450w, https:\/\/www.marketabateckova.cz\/wp-content\/uploads\/2022\/01\/letosmaderkou-106x106.png 106w, https:\/\/www.marketabateckova.cz\/wp-content\/uploads\/2022\/01\/letosmaderkou-70x70.png 70w\" sizes=\"(max-width: 560px) 100vw, 560px\" \/>\t\t\t\t\t\t\t\t\n\t\t\t\t\t\t\t\t<div class=\"prot_content\">\n\t\t\t\t\t\t\t\t\t<div class=\"prot_content_inner\">\t\t\t\t\t\t\t\t\t\n\t\t\t\t\t\t\t\t\t\t<div class=\"picon\">\n\t\t\t\t\t\t\t\t\t\t\t\t\t\t\t\t\t\t\t\t\t<\/div>\n\t\t\t\t\t\t\t\t\t\t<h3><a href=\"https:\/\/www.marketabateckova.cz\/?em_portfolio=web-time-work\">Colliery Recovery<\/a><\/h3>\n\t\t\t\t\t\t\t\t\t\t\n\t\t\t\t\t\t\t\t\t\t<p>\t\t\t\t\t\t\t\t\t\t\t\t<span class=\"category-item-p\">\n\t\t\t\t\t\t\t\t\t\t\t\t   Soci\u00e1ln\u00ed s\u00edt\u011b\t\t\t\t\t\t\t\t\t\t\t\t<\/span>\t\t\t\t\t\t\t\t\t\t\t\t\t\t\t\t\t\t\t\n\t\t\t\t\t\t\t\t\t\t\t\t<\/p>\t\t\t\t\t\t\t\t\n\t\t\t\t\t\t\t\t\t<\/div>\n\t\t\t\t\t\t\t\t<\/div>\t\n\t\t\t\t\t\t\t<\/div>\t\t\t\t\n\t\t\t\t\t\t<\/div>\n\t\t\t\t\t<\/div>\n\t\t\t\t\t\t\n\t\t\t\t\t\t\t\t\t<\/div>\n\t\t\t<\/div>\t\t\t\t\t\n\n\t\t\t\t\t\t\t<\/div>\n\t\t\t\t<\/div>\n\t\t\t\t\t<\/div>\n\t\t<\/div>\n\t\t\t\t\t<\/div>\n\t\t<\/section>\n\t\t\t\t<\/div>\n\t\t","protected":false},"excerpt":{"rendered":"<p>Portfolio Uk\u00e1zka m\u00fdch prac\u00ed V\u0161e Developer Graphic Photography Web Design Web Design Graphic Web Design Web Development Developer Graphic Mockup Photography Graphic Photography Our Success Work Developer Photography Web Time Work Graphic Photography Web Development Graphic Web Design Mockup Collection Developer Graphic Web Time Work Graphic Photography<\/p>\n","protected":false},"author":1,"featured_media":0,"parent":0,"menu_order":0,"comment_status":"closed","ping_status":"closed","template":"template-home.php","meta":{"footnotes":""},"class_list":["post-12211","page","type-page","status-publish","hentry"],"_links":{"self":[{"href":"https:\/\/www.marketabateckova.cz\/index.php?rest_route=\/wp\/v2\/pages\/12211","targetHints":{"allow":["GET"]}}],"collection":[{"href":"https:\/\/www.marketabateckova.cz\/index.php?rest_route=\/wp\/v2\/pages"}],"about":[{"href":"https:\/\/www.marketabateckova.cz\/index.php?rest_route=\/wp\/v2\/types\/page"}],"author":[{"embeddable":true,"href":"https:\/\/www.marketabateckova.cz\/index.php?rest_route=\/wp\/v2\/users\/1"}],"replies":[{"embeddable":true,"href":"https:\/\/www.marketabateckova.cz\/index.php?rest_route=%2Fwp%2Fv2%2Fcomments&post=12211"}],"version-history":[{"count":4,"href":"https:\/\/www.marketabateckova.cz\/index.php?rest_route=\/wp\/v2\/pages\/12211\/revisions"}],"predecessor-version":[{"id":13119,"href":"https:\/\/www.marketabateckova.cz\/index.php?rest_route=\/wp\/v2\/pages\/12211\/revisions\/13119"}],"wp:attachment":[{"href":"https:\/\/www.marketabateckova.cz\/index.php?rest_route=%2Fwp%2Fv2%2Fmedia&parent=12211"}],"curies":[{"name":"wp","href":"https:\/\/api.w.org\/{rel}","templated":true}]}}